{"id":57,"date":"2019-04-11T01:59:09","date_gmt":"2019-04-10T23:59:09","guid":{"rendered":"http:\/\/cuentalocomunicacion.es\/?page_id=57"},"modified":"2026-03-17T22:56:28","modified_gmt":"2026-03-17T21:56:28","slug":"clientes","status":"publish","type":"page","link":"https:\/\/cuentalocomunicacion.com\/?page_id=57","title":{"rendered":"Clientes"},"content":{"rendered":"\n<p>Mostramos aqu\u00ed un listado de los clientes que actualmente conf\u00edan en Cu\u00e9ntalo Comunicaci\u00f3n, o que lo han hecho en alguna ocasi\u00f3n para acciones concretas.<\/p>\n\n\n\n<div class=\"wp-block-columns is-layout-flex wp-container-core-columns-is-layout-9d6595d7 wp-block-columns-is-layout-flex\">\n<div class=\"wp-block-column is-layout-flow wp-block-column-is-layout-flow\"><div class=\"wp-block-image is-style-default\">\n<figure class=\"aligncenter size-large\"><a href=\"https:\/\/cuentalocomunicacion.com\/wp-content\/uploads\/2020\/05\/01-COPCLM.jpg\" target=\"_blank\" rel=\"noopener noreferrer\"><img decoding=\"async\" width=\"200\" height=\"150\" src=\"https:\/\/cuentalocomunicacion.com\/wp-content\/uploads\/2020\/05\/01-COPCLM.jpg\" alt=\"\" class=\"wp-image-354\"\/><\/a><\/figure>\n<\/div><\/div>\n\n\n\n<div class=\"wp-block-column is-layout-flow wp-block-column-is-layout-flow\"><div class=\"wp-block-image is-style-default\">\n<figure class=\"aligncenter size-large\"><a href=\"https:\/\/cuentalocomunicacion.com\/wp-content\/uploads\/2020\/05\/02-ICALBA.jpg\" target=\"_blank\" rel=\"noopener noreferrer\"><img decoding=\"async\" width=\"200\" height=\"150\" src=\"https:\/\/cuentalocomunicacion.com\/wp-content\/uploads\/2020\/05\/02-ICALBA.jpg\" alt=\"\" class=\"wp-image-355\"\/><\/a><\/figure>\n<\/div>\n\n\n<p><\/p>\n<\/div>\n<\/div>\n\n\n\n<div class=\"wp-block-columns is-layout-flex wp-container-core-columns-is-layout-9d6595d7 wp-block-columns-is-layout-flex\">\n<div class=\"wp-block-column is-layout-flow wp-block-column-is-layout-flow\"><div class=\"wp-block-image is-style-default\">\n<figure class=\"aligncenter size-large\"><a href=\"https:\/\/cuentalocomunicacion.com\/wp-content\/uploads\/2020\/05\/03-Coloquios-del-Vino.jpg\" target=\"_blank\" rel=\"noopener noreferrer\"><img decoding=\"async\" width=\"200\" height=\"150\" src=\"https:\/\/cuentalocomunicacion.com\/wp-content\/uploads\/2020\/05\/03-Coloquios-del-Vino.jpg\" alt=\"\" class=\"wp-image-356\"\/><\/a><\/figure>\n<\/div><\/div>\n\n\n\n<div class=\"wp-block-column is-layout-flow wp-block-column-is-layout-flow\"><div class=\"wp-block-image is-style-default\">\n<figure class=\"aligncenter size-large\"><a href=\"https:\/\/cuentalocomunicacion.com\/wp-content\/uploads\/2020\/05\/04-Asprona.jpg\" target=\"_blank\" rel=\"noopener noreferrer\"><img loading=\"lazy\" decoding=\"async\" width=\"200\" height=\"150\" src=\"https:\/\/cuentalocomunicacion.com\/wp-content\/uploads\/2020\/05\/04-Asprona.jpg\" alt=\"\" class=\"wp-image-357\"\/><\/a><\/figure>\n<\/div><\/div>\n<\/div>\n\n\n\n<div class=\"wp-block-columns is-layout-flex wp-container-core-columns-is-layout-9d6595d7 wp-block-columns-is-layout-flex\">\n<div class=\"wp-block-column is-layout-flow wp-block-column-is-layout-flow\"><div class=\"wp-block-image is-style-default\">\n<figure class=\"aligncenter size-large\"><a href=\"https:\/\/cuentalocomunicacion.com\/wp-content\/uploads\/2020\/05\/05-Campus-Dental.jpg\" target=\"_blank\" rel=\"noopener noreferrer\"><img loading=\"lazy\" decoding=\"async\" width=\"200\" height=\"150\" src=\"https:\/\/cuentalocomunicacion.com\/wp-content\/uploads\/2020\/05\/05-Campus-Dental.jpg\" alt=\"\" class=\"wp-image-358\"\/><\/a><\/figure>\n<\/div><\/div>\n\n\n\n<div class=\"wp-block-column is-layout-flow wp-block-column-is-layout-flow\"><div class=\"wp-block-image is-style-default\">\n<figure class=\"aligncenter size-large\"><a href=\"https:\/\/cuentalocomunicacion.com\/wp-content\/uploads\/2020\/05\/06-Agencia-del-agua.jpg\" target=\"_blank\" rel=\"noopener noreferrer\"><img loading=\"lazy\" decoding=\"async\" width=\"200\" height=\"150\" src=\"https:\/\/cuentalocomunicacion.com\/wp-content\/uploads\/2020\/05\/06-Agencia-del-agua.jpg\" alt=\"\" class=\"wp-image-362\"\/><\/a><\/figure>\n<\/div><\/div>\n<\/div>\n\n\n\n<div class=\"wp-block-columns is-layout-flex wp-container-core-columns-is-layout-9d6595d7 wp-block-columns-is-layout-flex\">\n<div class=\"wp-block-column is-layout-flow wp-block-column-is-layout-flow\"><div class=\"wp-block-image is-style-default\">\n<figure class=\"aligncenter size-large\"><a href=\"https:\/\/cuentalocomunicacion.com\/wp-content\/uploads\/2020\/05\/07-Fundaci\u00f3n-Asla.jpg\" target=\"_blank\" rel=\"noopener noreferrer\"><img loading=\"lazy\" decoding=\"async\" width=\"200\" height=\"150\" src=\"https:\/\/cuentalocomunicacion.com\/wp-content\/uploads\/2020\/05\/07-Fundaci\u00f3n-Asla.jpg\" alt=\"\" class=\"wp-image-360\"\/><\/a><\/figure>\n<\/div><\/div>\n\n\n\n<div class=\"wp-block-column is-layout-flow wp-block-column-is-layout-flow\"><div class=\"wp-block-image is-style-default\">\n<figure class=\"aligncenter size-large\"><a href=\"https:\/\/cuentalocomunicacion.com\/wp-content\/uploads\/2020\/07\/08-Unijepol.jpg\" target=\"_blank\" rel=\"noopener noreferrer\"><img loading=\"lazy\" decoding=\"async\" width=\"200\" height=\"150\" src=\"https:\/\/cuentalocomunicacion.com\/wp-content\/uploads\/2020\/07\/08-Unijepol.jpg\" alt=\"\" class=\"wp-image-423\"\/><\/a><\/figure>\n<\/div><\/div>\n<\/div>\n\n\n\n<div class=\"wp-block-columns is-layout-flex wp-container-core-columns-is-layout-9d6595d7 wp-block-columns-is-layout-flex\">\n<div class=\"wp-block-column is-layout-flow wp-block-column-is-layout-flow\"><div class=\"wp-block-image\">\n<figure class=\"aligncenter size-large\"><a href=\"https:\/\/cuentalocomunicacion.com\/wp-content\/uploads\/2021\/03\/Las-edades-del-puerto.jpg\" target=\"_blank\" rel=\"noopener\"><img loading=\"lazy\" decoding=\"async\" width=\"200\" height=\"150\" src=\"https:\/\/cuentalocomunicacion.com\/wp-content\/uploads\/2021\/03\/Las-edades-del-puerto.jpg\" alt=\"\" class=\"wp-image-485\"\/><\/a><\/figure>\n<\/div><\/div>\n\n\n\n<div class=\"wp-block-column is-layout-flow wp-block-column-is-layout-flow\"><div class=\"wp-block-image\">\n<figure class=\"aligncenter size-large\"><a href=\"https:\/\/cuentalocomunicacion.com\/wp-content\/uploads\/2025\/10\/09-Butanhogar.jpg\" target=\"_blank\" rel=\"noopener\"><img loading=\"lazy\" decoding=\"async\" width=\"200\" height=\"150\" src=\"https:\/\/cuentalocomunicacion.com\/wp-content\/uploads\/2025\/10\/09-Butanhogar.jpg\" alt=\"\" class=\"wp-image-505\"\/><\/a><\/figure>\n<\/div><\/div>\n<\/div>\n","protected":false},"excerpt":{"rendered":"<p>Mostramos aqu\u00ed un listado de los clientes que actualmente conf\u00edan en Cu\u00e9ntalo Comunicaci\u00f3n, o que lo han hecho en alguna ocasi\u00f3n para acciones concretas.<\/p>\n","protected":false},"author":1,"featured_media":0,"parent":0,"menu_order":3,"comment_status":"closed","ping_status":"closed","template":"","meta":{"neve_meta_sidebar":"","neve_meta_container":"","neve_meta_enable_content_width":"off","neve_meta_content_width":0,"neve_meta_title_alignment":"","neve_meta_author_avatar":"","neve_post_elements_order":"","neve_meta_disable_header":"","neve_meta_disable_footer":"","neve_meta_disable_title":"","footnotes":""},"class_list":["post-57","page","type-page","status-publish","hentry"],"_links":{"self":[{"href":"https:\/\/cuentalocomunicacion.com\/index.php?rest_route=\/wp\/v2\/pages\/57","targetHints":{"allow":["GET"]}}],"collection":[{"href":"https:\/\/cuentalocomunicacion.com\/index.php?rest_route=\/wp\/v2\/pages"}],"about":[{"href":"https:\/\/cuentalocomunicacion.com\/index.php?rest_route=\/wp\/v2\/types\/page"}],"author":[{"embeddable":true,"href":"https:\/\/cuentalocomunicacion.com\/index.php?rest_route=\/wp\/v2\/users\/1"}],"replies":[{"embeddable":true,"href":"https:\/\/cuentalocomunicacion.com\/index.php?rest_route=%2Fwp%2Fv2%2Fcomments&post=57"}],"version-history":[{"count":50,"href":"https:\/\/cuentalocomunicacion.com\/index.php?rest_route=\/wp\/v2\/pages\/57\/revisions"}],"predecessor-version":[{"id":524,"href":"https:\/\/cuentalocomunicacion.com\/index.php?rest_route=\/wp\/v2\/pages\/57\/revisions\/524"}],"wp:attachment":[{"href":"https:\/\/cuentalocomunicacion.com\/index.php?rest_route=%2Fwp%2Fv2%2Fmedia&parent=57"}],"curies":[{"name":"wp","href":"https:\/\/api.w.org\/{rel}","templated":true}]}}